{"id":138,"date":"2024-12-20T11:22:34","date_gmt":"2024-12-20T11:22:34","guid":{"rendered":"https:\/\/www.monrak.es\/?page_id=138"},"modified":"2025-10-02T06:59:53","modified_gmt":"2025-10-02T06:59:53","slug":"nuestros-pilares","status":"publish","type":"page","link":"https:\/\/www.monrak.es\/?page_id=138","title":{"rendered":"Nuestras Funciones"},"content":{"rendered":"\n<h3 class=\"wp-block-heading has-text-align-center\">Cobertura de la seguridad de la informaci\u00f3n sobre cuatro servicios fundamentales<\/h3>\n\n\n\n<h2 class=\"wp-block-heading popmake-165\"><a href=\"https:\/\/www.monrak.es\/?post_type=popup&amp;p=165\" data-type=\"popup\" data-id=\"165\">Cumplimiento<\/a><\/h2>\n\n\n\n<div class=\"wp-block-group is-vertical is-layout-flex wp-container-core-group-is-layout-8cf370e7 wp-block-group-is-layout-flex\">\n<ul class=\"wp-block-list\">\n<li>Servicio jur\u00eddico<\/li>\n\n\n\n<li>Representaci\u00f3n ante autoridad<\/li>\n\n\n\n<li>Asesoramiento legal <\/li>\n\n\n\n<li>Pol\u00edticas de seguridad<\/li>\n<\/ul>\n<\/div>\n\n\n\n<h2 class=\"wp-block-heading popmake-175\"><a href=\"https:\/\/www.monrak.es\/?post_type=popup&amp;p=175\" data-type=\"popup\" data-id=\"175\">Servicios de Operaciones<\/a><\/h2>\n\n\n\n<div class=\"wp-block-group is-vertical is-layout-flex wp-container-core-group-is-layout-8cf370e7 wp-block-group-is-layout-flex\">\n<div class=\"wp-block-group is-vertical is-layout-flex wp-container-core-group-is-layout-8cf370e7 wp-block-group-is-layout-flex\">\n<ul class=\"wp-block-list\">\n<li>Monitorizaci\u00f3n de alertas y eventos<\/li>\n\n\n\n<li>Servicios de incidencias de seguridad<\/li>\n\n\n\n<li>Defensa y protecci\u00f3n activa<\/li>\n\n\n\n<li>Remediaci\u00f3n y recuperaci\u00f3n<\/li>\n<\/ul>\n<\/div>\n<\/div>\n\n\n\n<h2 class=\"wp-block-heading popmake-179\"><a href=\"https:\/\/www.monrak.es\/?post_type=popup&amp;p=179\" data-type=\"popup\" data-id=\"179\">Servicios Tecnol\u00f3gicos<\/a><\/h2>\n\n\n\n<div class=\"wp-block-group is-vertical is-layout-flex wp-container-core-group-is-layout-8cf370e7 wp-block-group-is-layout-flex\">\n<ul class=\"wp-block-list\">\n<li>Implantaci\u00f3n seguridad<\/li>\n\n\n\n<li>Integraci\u00f3n de sistemas<\/li>\n\n\n\n<li>Gesti\u00f3n de identidades<\/li>\n\n\n\n<li>Copias de seguridad y respaldo<\/li>\n<\/ul>\n<\/div>\n\n\n\n<h2 class=\"wp-block-heading popmake-183\"><a href=\"https:\/\/www.monrak.es\/?post_type=popup&amp;p=183\" data-type=\"popup\" data-id=\"183\">Consultor\u00eda<\/a><\/h2>\n\n\n\n<div class=\"wp-block-group is-vertical is-layout-flex wp-container-core-group-is-layout-8cf370e7 wp-block-group-is-layout-flex\">\n<ul class=\"wp-block-list\">\n<li>Auditor\u00eda y peritaje<\/li>\n\n\n\n<li>Planes de seguridad y pruebas de penetraci\u00f3n<\/li>\n\n\n\n<li>An\u00e1lisis de Riesgos, planes de contingencia y continuidad<\/li>\n\n\n\n<li>Formaci\u00f3n y concienciaci\u00f3n<\/li>\n<\/ul>\n<\/div>\n\n\n\n<p><\/p>\n\n\n\n<p><\/p>\n","protected":false},"excerpt":{"rendered":"<p>Cobertura de la seguridad de la informaci\u00f3n sobre cuatro servicios fundamentales Cumplimiento Servicios de Operaciones Servicios Tecnol\u00f3gicos Consultor\u00eda<\/p>\n","protected":false},"author":1,"featured_media":0,"parent":0,"menu_order":0,"comment_status":"closed","ping_status":"closed","template":"","meta":{"footnotes":""},"class_list":["post-138","page","type-page","status-publish","hentry"],"_links":{"self":[{"href":"https:\/\/www.monrak.es\/index.php?rest_route=\/wp\/v2\/pages\/138","targetHints":{"allow":["GET"]}}],"collection":[{"href":"https:\/\/www.monrak.es\/index.php?rest_route=\/wp\/v2\/pages"}],"about":[{"href":"https:\/\/www.monrak.es\/index.php?rest_route=\/wp\/v2\/types\/page"}],"author":[{"embeddable":true,"href":"https:\/\/www.monrak.es\/index.php?rest_route=\/wp\/v2\/users\/1"}],"replies":[{"embeddable":true,"href":"https:\/\/www.monrak.es\/index.php?rest_route=%2Fwp%2Fv2%2Fcomments&post=138"}],"version-history":[{"count":17,"href":"https:\/\/www.monrak.es\/index.php?rest_route=\/wp\/v2\/pages\/138\/revisions"}],"predecessor-version":[{"id":194,"href":"https:\/\/www.monrak.es\/index.php?rest_route=\/wp\/v2\/pages\/138\/revisions\/194"}],"wp:attachment":[{"href":"https:\/\/www.monrak.es\/index.php?rest_route=%2Fwp%2Fv2%2Fmedia&parent=138"}],"curies":[{"name":"wp","href":"https:\/\/api.w.org\/{rel}","templated":true}]}}