{"id":18,"date":"2024-10-11T08:34:03","date_gmt":"2024-10-11T08:34:03","guid":{"rendered":"https:\/\/www.monrak.es\/?page_id=18"},"modified":"2024-10-16T11:00:25","modified_gmt":"2024-10-16T11:00:25","slug":"monrak-soc","status":"publish","type":"page","link":"https:\/\/www.monrak.es\/","title":{"rendered":"Servicios de Seguridad"},"content":{"rendered":"\n<p><a href=\"https:\/\/www.ccn.cni.es\/es\/normativa\/directiva-nis2\" data-type=\"link\" data-id=\"https:\/\/www.ccn.cni.es\/es\/normativa\/directiva-nis2\">NIS2<\/a> es la normativa que nos protege en el espacio de internet dentro de la Uni\u00f3n Europea, aquellas empresas que suministren a la poblaci\u00f3n necesidades esenciales y b\u00e1sicas est\u00e1n bajo la aplicaci\u00f3n de medidas de seguridad para evitar ataques, amenazas y riesgos derivados por delincuencia, fraude, espionaje o guerra en el mundo digital.<\/p>\n\n\n\n<h2 class=\"wp-block-heading\">A que nos dedicamos<\/h2>\n\n\n\n<p>A las operaciones de seguridad inform\u00e1tica, especialistas en protecci\u00f3n de los datos y sistemas de informaci\u00f3n, con a\u00f1os de experiencia en an\u00e1lisis de riesgos tecnol\u00f3gicos, monitorizando y detectando amenazas e implantando defensas de prevenci\u00f3n y respuesta a ataques.<\/p>\n\n\n\n<p><\/p>\n\n\n\n<p>Nuestra actividad es la vigilancia y defensa mediante herramientas de los primeros fabricantes en ciberseguridad incluyendo las \u00faltimas novedades basadas en Inteligencia Artificial, alertando en tiempo real mediante consolas de control que permiten la respuesta inmediata ante ataques e incidencias.<\/p>\n\n\n\n<p>Adem\u00e1s de las herramientas de bloqueo, cifrado y gesti\u00f3n de vulnerabilidades, ofrecemos mantenimiento de usuarios, control de accesos y autorizaciones, establecimiento de contrase\u00f1as y aplicaci\u00f3n de factores de autenticaci\u00f3n.&nbsp;<\/p>\n\n\n\n<p>Nuestros servicios no solo cubren la seguridad, sino el cumplimiento normativo y el asesoramiento jur\u00eddico. Las diferentes normativas y regulaciones en protecci\u00f3n de datos son de estricto cumplimiento, y las autoridades sancionan tanto si no se aplican las normas, como si no se informa de acuerdo a la legislaci\u00f3n. Nuestro asesoramiento en base a nuestra experiencia pondr\u00e1 a su disposici\u00f3n las pol\u00edticas de seguridad as\u00ed como las herramientas para realizar reclamaci\u00f3n y denuncias ante delitos inform\u00e1ticos.<\/p>\n\n\n\n<p>Tambi\u00e9n incluimos en nuestros servicios, auditoria del uso y utilizaci\u00f3n de la informaci\u00f3n y los sistemas para garantizar la confidencialidad y autenticidad de los datos.<\/p>\n","protected":false},"excerpt":{"rendered":"<p>NIS2 es la normativa que nos protege en el espacio de internet dentro de la Uni\u00f3n Europea, aquellas empresas que suministren a la poblaci\u00f3n necesidades esenciales y b\u00e1sicas est\u00e1n bajo la aplicaci\u00f3n de medidas de seguridad para evitar ataques, amenazas y riesgos derivados por delincuencia, fraude, espionaje o guerra en el mundo digital. A que [&hellip;]<\/p>\n","protected":false},"author":1,"featured_media":0,"parent":0,"menu_order":0,"comment_status":"closed","ping_status":"closed","template":"","meta":{"footnotes":""},"class_list":["post-18","page","type-page","status-publish","hentry"],"_links":{"self":[{"href":"https:\/\/www.monrak.es\/index.php?rest_route=\/wp\/v2\/pages\/18","targetHints":{"allow":["GET"]}}],"collection":[{"href":"https:\/\/www.monrak.es\/index.php?rest_route=\/wp\/v2\/pages"}],"about":[{"href":"https:\/\/www.monrak.es\/index.php?rest_route=\/wp\/v2\/types\/page"}],"author":[{"embeddable":true,"href":"https:\/\/www.monrak.es\/index.php?rest_route=\/wp\/v2\/users\/1"}],"replies":[{"embeddable":true,"href":"https:\/\/www.monrak.es\/index.php?rest_route=%2Fwp%2Fv2%2Fcomments&post=18"}],"version-history":[{"count":4,"href":"https:\/\/www.monrak.es\/index.php?rest_route=\/wp\/v2\/pages\/18\/revisions"}],"predecessor-version":[{"id":117,"href":"https:\/\/www.monrak.es\/index.php?rest_route=\/wp\/v2\/pages\/18\/revisions\/117"}],"wp:attachment":[{"href":"https:\/\/www.monrak.es\/index.php?rest_route=%2Fwp%2Fv2%2Fmedia&parent=18"}],"curies":[{"name":"wp","href":"https:\/\/api.w.org\/{rel}","templated":true}]}}