{"id":3,"date":"2022-02-25T17:18:54","date_gmt":"2022-02-25T17:18:54","guid":{"rendered":"https:\/\/www.monrak.es\/?page_id=3"},"modified":"2025-01-23T16:39:40","modified_gmt":"2025-01-23T16:39:40","slug":"politica-privacidad","status":"publish","type":"page","link":"https:\/\/www.monrak.es\/?page_id=3","title":{"rendered":"Pol\u00edtica de privacidad"},"content":{"rendered":"\n<h2 class=\"wp-block-heading\">Qui\u00e9nes somos<\/h2>\n\n\n\n<p>Profesionales titulados en Inform\u00e1tica, formados y certificados por el Ministerio de Trabajo y Econom\u00eda Social en la especialidad formativa IFCT0109 e IFCT0050.<\/p>\n\n\n\n<h2 class=\"wp-block-heading\">Cookies<\/h2>\n\n\n\n<p>Si te conectas a este sitio, instalaremos una cookie temporal para determinar si tu navegador acepta cookies. Esta cookie no contiene datos personales y se elimina al cerrar el navegador.<\/p>\n\n\n\n<p>Cuando accedas, tambi\u00e9n instalaremos varias cookies para guardar tu informaci\u00f3n de acceso y tus opciones de visualizaci\u00f3n de pantalla. Las cookies de acceso duran dos d\u00edas, y las cookies de opciones de pantalla duran un a\u00f1o. Si seleccionas \u00abRecu\u00e9rdarme\u00bb, tu acceso perdurar\u00e1 durante dos semanas. Si sales de tu cuenta, las cookies de acceso se eliminar\u00e1n.<\/p>\n\n\n\n<h2 class=\"wp-block-heading\">Contacto<\/h2>\n\n\n\n<p>Informate enviando un correo a<a href=\"mailto:https:\/\/sede.sepe.gob.es\/es\/portaltrabaja\/resources\/pdf\/especialidades\/IFCT0109.pdf\" data-type=\"mailto\" data-id=\"mailto:https:\/\/sede.sepe.gob.es\/es\/portaltrabaja\/resources\/pdf\/especialidades\/IFCT0109.pdf\"> info@monrak.es<\/a><\/p>\n\n\n\n<h2 class=\"wp-block-heading\">D\u00f3nde estamos<\/h2>\n\n\n\n<p>Nos puedes encontrar en <a href=\"http:\/\/www.linkedin.com\/company\/monrak\" data-type=\"link\" data-id=\"www.linkedin.com\/company\/monrak\">LinkedIn<\/a><\/p>\n","protected":false},"excerpt":{"rendered":"<p>Qui\u00e9nes somos Profesionales titulados en Inform\u00e1tica, formados y certificados por el Ministerio de Trabajo y Econom\u00eda Social en la especialidad formativa IFCT0109 e IFCT0050. Cookies Si te conectas a este sitio, instalaremos una cookie temporal para determinar si tu navegador acepta cookies. Esta cookie no contiene datos personales y se elimina al cerrar el navegador. [&hellip;]<\/p>\n","protected":false},"author":1,"featured_media":0,"parent":0,"menu_order":0,"comment_status":"closed","ping_status":"open","template":"","meta":{"footnotes":""},"class_list":["post-3","page","type-page","status-publish","hentry"],"_links":{"self":[{"href":"https:\/\/www.monrak.es\/index.php?rest_route=\/wp\/v2\/pages\/3","targetHints":{"allow":["GET"]}}],"collection":[{"href":"https:\/\/www.monrak.es\/index.php?rest_route=\/wp\/v2\/pages"}],"about":[{"href":"https:\/\/www.monrak.es\/index.php?rest_route=\/wp\/v2\/types\/page"}],"author":[{"embeddable":true,"href":"https:\/\/www.monrak.es\/index.php?rest_route=\/wp\/v2\/users\/1"}],"replies":[{"embeddable":true,"href":"https:\/\/www.monrak.es\/index.php?rest_route=%2Fwp%2Fv2%2Fcomments&post=3"}],"version-history":[{"count":18,"href":"https:\/\/www.monrak.es\/index.php?rest_route=\/wp\/v2\/pages\/3\/revisions"}],"predecessor-version":[{"id":154,"href":"https:\/\/www.monrak.es\/index.php?rest_route=\/wp\/v2\/pages\/3\/revisions\/154"}],"wp:attachment":[{"href":"https:\/\/www.monrak.es\/index.php?rest_route=%2Fwp%2Fv2%2Fmedia&parent=3"}],"curies":[{"name":"wp","href":"https:\/\/api.w.org\/{rel}","templated":true}]}}